{"id":6,"date":"2017-06-10T08:24:41","date_gmt":"2017-06-10T08:24:41","guid":{"rendered":"http:\/\/xtratheme.comlogo-portfolio\/?page_id=6"},"modified":"2026-03-23T22:35:31","modified_gmt":"2026-03-23T22:35:31","slug":"about","status":"publish","type":"page","link":"https:\/\/jfb.pt\/jfb\/about\/","title":{"rendered":"About"},"content":{"rendered":"\t\t<div data-elementor-type=\"wp-page\" data-elementor-id=\"6\" class=\"elementor elementor-6\">\n\t\t\t\t\t\t<section class=\"elementor-section elementor-top-section elementor-element elementor-element-0651ffc elementor-section-boxed elementor-section-height-default elementor-section-height-default\" data-id=\"0651ffc\" data-element_type=\"section\" data-e-type=\"section\">\n\t\t\t\t\t\t<div class=\"elementor-container elementor-column-gap-default\">\n\t\t\t\t\t<div class=\"elementor-column elementor-col-50 elementor-top-column elementor-element elementor-element-9f2a8be\" data-id=\"9f2a8be\" data-element_type=\"column\" data-e-type=\"column\">\n\t\t\t<div class=\"elementor-widget-wrap elementor-element-populated\">\n\t\t\t\t\t\t<div class=\"elementor-element elementor-element-c177042 elementor-widget elementor-widget-cz_image\" data-id=\"c177042\" data-element_type=\"widget\" data-e-type=\"widget\" data-widget_type=\"cz_image.default\">\n\t\t\t\t<div class=\"elementor-widget-container\">\n\t\t\t\t\t\r\n\t\t<div class=\"cz_image clr cz_image_no_fx center_on_mobile\" data-position=\"\">\r\n\r\n\t\t\t<div>\r\n\r\n\t\t\t\t<div class=\"cz_image_in\">\r\n\r\n\t\t\t\t\t<div class=\"cz_main_image\"><img fetchpriority=\"high\" decoding=\"async\" loading=\"eager\" data-no-lazy=\"1\" width=\"2560\" height=\"1707\" src=\"https:\/\/jfb.pt\/jfb\/wp-content\/uploads\/2026\/03\/IMG_0898-scaled.jpg\" class=\"attachment-full size-full wp-image-820\" alt=\"IMG 0898 scaled\" srcset=\"https:\/\/jfb.pt\/jfb\/wp-content\/uploads\/2026\/03\/IMG_0898-scaled.jpg 2560w, https:\/\/jfb.pt\/jfb\/wp-content\/uploads\/2026\/03\/IMG_0898-300x200.jpg 300w, https:\/\/jfb.pt\/jfb\/wp-content\/uploads\/2026\/03\/IMG_0898-1024x683.jpg 1024w, https:\/\/jfb.pt\/jfb\/wp-content\/uploads\/2026\/03\/IMG_0898-768x512.jpg 768w, https:\/\/jfb.pt\/jfb\/wp-content\/uploads\/2026\/03\/IMG_0898-1536x1024.jpg 1536w, https:\/\/jfb.pt\/jfb\/wp-content\/uploads\/2026\/03\/IMG_0898-2048x1365.jpg 2048w, https:\/\/jfb.pt\/jfb\/wp-content\/uploads\/2026\/03\/IMG_0898-600x400.jpg 600w, https:\/\/jfb.pt\/jfb\/wp-content\/uploads\/2026\/03\/IMG_0898-1000x667.jpg 1000w\" sizes=\"(max-width: 2560px) 100vw, 2560px\" \/><\/div>\r\n\r\n\t\t\t\t\t\r\n\t\t\t\t<\/div>\r\n\r\n\t\t\t\t\r\n\t\t\t<\/div>\r\n\r\n\t\t<\/div>\r\n\r\n\t\t\t\t\t<\/div>\n\t\t\t\t<\/div>\n\t\t\t\t<div class=\"elementor-element elementor-element-2a940b6 elementor-widget elementor-widget-cz_gap\" data-id=\"2a940b6\" data-element_type=\"widget\" data-e-type=\"widget\" data-widget_type=\"cz_gap.default\">\n\t\t\t\t<div class=\"elementor-widget-container\">\n\t\t\t\t\t<div class=\"cz_gap clr\"><\/div>\t\t\t\t<\/div>\n\t\t\t\t<\/div>\n\t\t\t\t\t<\/div>\n\t\t<\/div>\n\t\t\t\t<div class=\"elementor-column elementor-col-50 elementor-top-column elementor-element elementor-element-492d3fa\" data-id=\"492d3fa\" data-element_type=\"column\" data-e-type=\"column\">\n\t\t\t<div class=\"elementor-widget-wrap elementor-element-populated\">\n\t\t\t\t\t\t<div class=\"elementor-element elementor-element-fa77cda elementor-widget elementor-widget-cz_title\" data-id=\"fa77cda\" data-element_type=\"widget\" data-e-type=\"widget\" data-widget_type=\"cz_title.default\">\n\t\t\t\t<div class=\"elementor-widget-container\">\n\t\t\t\t\t\t\r\n\t\t<div>\r\n\t\t\t<div class=\"cz_title clr cz_mobile_text_center cz_title_pos_inline\"><div class=\"cz_title_content\"><div class=\"cz_wpe_content\"><h3><span style=\"font-size: 28px;\">Ol\u00e1, meu nome \u00e9 <span class=\"cz_underline\" style=\"font-weight: 300; margin: 0px 2px; padding: 1px 0px 2px; border-bottom: 1px solid;\">Jos\u00e9 Filipe B\u00e1rtolo<\/span><\/span><\/h3><\/div><\/div><\/div>\r\n\t\t<\/div>\r\n\t\t\r\n\t\t\t\t\t\t<\/div>\n\t\t\t\t<\/div>\n\t\t\t\t<div class=\"elementor-element elementor-element-ebe3ea2 elementor-widget elementor-widget-cz_title\" data-id=\"ebe3ea2\" data-element_type=\"widget\" data-e-type=\"widget\" data-widget_type=\"cz_title.default\">\n\t\t\t\t<div class=\"elementor-widget-container\">\n\t\t\t\t\t\t\r\n\t\t<div>\r\n\t\t\t<div class=\"cz_title clr cz_title_pos_inline\"><div class=\"cz_title_content\"><div class=\"cz_wpe_content\"><div style=\"line-height: 1.7;\"><p style=\"text-align: justified;\" data-start=\"90\" data-end=\"314\">Sou designer gr\u00e1fico com vasta experi\u00eancia, especializado em branding, web design e desenvolvimento web. Atualmente trabalho como freelancer, destacando-me pela criatividade, profissionalismo e flexibilidade em cada projeto.<\/p><p data-start=\"316\" data-end=\"674\">Adapto-me facilmente a diferentes briefings e estilos de design, garantindo solu\u00e7\u00f5es visuais alinhadas com a identidade e os objetivos de cada cliente. Com mais de 25 anos de experi\u00eancia em marketing, design gr\u00e1fico e anima\u00e7\u00e3o de v\u00eddeo, re\u00fano o conhecimento, as compet\u00eancias e os recursos necess\u00e1rios para dar resposta a todas as necessidades da sua empresa.<\/p><p data-start=\"676\" data-end=\"788\">Estou dispon\u00edvel para colaborar e transformar ideias em projetos impactantes e eficazes. Vamos trabalhar juntos?<\/p><\/div><\/div><\/div><\/div>\r\n\t\t<\/div>\r\n\t\t\r\n\t\t\t\t\t\t<\/div>\n\t\t\t\t<\/div>\n\t\t\t\t\t<\/div>\n\t\t<\/div>\n\t\t\t\t\t<\/div>\n\t\t<\/section>\n\t\t\t\t<section class=\"elementor-section elementor-top-section elementor-element elementor-element-0f4baea elementor-section-boxed elementor-section-height-default elementor-section-height-default\" data-id=\"0f4baea\" data-element_type=\"section\" data-e-type=\"section\">\n\t\t\t\t\t\t<div class=\"elementor-container elementor-column-gap-default\">\n\t\t\t\t\t<div class=\"elementor-column elementor-col-50 elementor-top-column elementor-element elementor-element-04d8784\" data-id=\"04d8784\" data-element_type=\"column\" data-e-type=\"column\">\n\t\t\t<div class=\"elementor-widget-wrap elementor-element-populated\">\n\t\t\t\t\t\t<div class=\"elementor-element elementor-element-6d5f23e elementor-widget elementor-widget-cz_title\" data-id=\"6d5f23e\" data-element_type=\"widget\" data-e-type=\"widget\" data-widget_type=\"cz_title.default\">\n\t\t\t\t<div class=\"elementor-widget-container\">\n\t\t\t\t\t\t\r\n\t\t<div>\r\n\t\t\t<div class=\"cz_title clr cz_mobile_text_center cz_title_pos_inline\"><div class=\"cz_title_content\"><div class=\"cz_wpe_content\"><h3><span style=\"font-size: 32px;\">My Skills<\/span><\/h3><\/div><\/div><\/div>\r\n\t\t<\/div>\r\n\t\t\r\n\t\t\t\t\t\t<\/div>\n\t\t\t\t<\/div>\n\t\t\t\t<div class=\"elementor-element elementor-element-af0274b elementor-widget elementor-widget-cz_title\" data-id=\"af0274b\" data-element_type=\"widget\" data-e-type=\"widget\" data-widget_type=\"cz_title.default\">\n\t\t\t\t<div class=\"elementor-widget-container\">\n\t\t\t\t\t\t\r\n\t\t<div>\r\n\t\t\t<div class=\"cz_title clr cz_title_pos_inline\"><div class=\"cz_title_content\"><div class=\"cz_wpe_content\"><div style=\"line-height: 1.7;\"><h3 data-section-id=\"72982h\" data-start=\"150\" data-end=\"178\">Design &amp; Criatividade<\/h3><ul data-start=\"179\" data-end=\"409\"><li data-section-id=\"fcozcu\" data-start=\"179\" data-end=\"249\">Design gr\u00e1fico (branding, identidade visual, materiais promocionais)<\/li><li data-section-id=\"1upykrw\" data-start=\"250\" data-end=\"301\">Design de embalagens (ex: projetos como Divercol)<\/li><li data-section-id=\"m404ze\" data-start=\"302\" data-end=\"349\">Web design com foco em est\u00e9tica e usabilidade<\/li><li data-section-id=\"bpfh1k\" data-start=\"350\" data-end=\"409\">Dire\u00e7\u00e3o criativa e adapta\u00e7\u00e3o a diferentes estilos visuais<\/li><\/ul><h3 data-section-id=\"13or066\" data-start=\"411\" data-end=\"437\">\u00a0Desenvolvimento Web<\/h3><ul data-start=\"438\" data-end=\"608\"><li data-section-id=\"xxz1r4\" data-start=\"438\" data-end=\"488\">Cria\u00e7\u00e3o de websites (especialmente em WordPress)<\/li><li data-section-id=\"116jfgd\" data-start=\"489\" data-end=\"525\">Customiza\u00e7\u00e3o e manuten\u00e7\u00e3o de sites<\/li><li data-section-id=\"1y4lea7\" data-start=\"526\" data-end=\"573\">UX\/UI (experi\u00eancia e interface do utilizador)<\/li><li data-section-id=\"13a0rf0\" data-start=\"574\" data-end=\"608\">Otimiza\u00e7\u00e3o de conte\u00fados para web<\/li><\/ul><h3 data-section-id=\"e7l878\" data-start=\"610\" data-end=\"635\">\u00a0V\u00eddeo &amp; Multim\u00e9dia<\/h3><ul data-start=\"636\" data-end=\"765\"><li data-section-id=\"17gm5vj\" data-start=\"636\" data-end=\"653\">Edi\u00e7\u00e3o de v\u00eddeo<\/li><li data-section-id=\"11p6avv\" data-start=\"654\" data-end=\"690\">Produ\u00e7\u00e3o de conte\u00fados audiovisuais<\/li><li data-section-id=\"p6bun5\" data-start=\"691\" data-end=\"727\">Cria\u00e7\u00e3o de anima\u00e7\u00f5es (ex: Powtoon)<\/li><li data-section-id=\"2si46p\" data-start=\"728\" data-end=\"765\">Cobertura de eventos (foto e v\u00eddeo)<\/li><\/ul><h3 data-section-id=\"1audmp7\" data-start=\"767\" data-end=\"784\">\u00a0Fotografia<\/h3><ul data-start=\"785\" data-end=\"894\"><li data-section-id=\"xju169\" data-start=\"785\" data-end=\"808\">Fotografia de eventos<\/li><li data-section-id=\"1rq2u5m\" data-start=\"809\" data-end=\"840\">Edi\u00e7\u00e3o e tratamento de imagem<\/li><li data-section-id=\"1vlui3r\" data-start=\"841\" data-end=\"894\">Produ\u00e7\u00e3o de conte\u00fados visuais para redes e websites<\/li><\/ul><h3 data-section-id=\"lim9c7\" data-start=\"896\" data-end=\"927\">\u00a0Estrat\u00e9gia &amp; Comunica\u00e7\u00e3o<\/h3><ul data-start=\"928\" data-end=\"1141\"><li data-section-id=\"1toc66l\" data-start=\"928\" data-end=\"980\">Cria\u00e7\u00e3o de conte\u00fados para websites e redes sociais<\/li><li data-section-id=\"4ul63d\" data-start=\"981\" data-end=\"1030\">Copywriting (melhoria de textos, emails, posts)<\/li><li data-section-id=\"1dnyj7k\" data-start=\"1031\" data-end=\"1085\">Pensamento estrat\u00e9gico aplicado a comunica\u00e7\u00e3o visual<\/li><li data-section-id=\"3o3as0\" data-start=\"1086\" data-end=\"1141\">Capacidade de traduzir briefing em solu\u00e7\u00f5es criativas<\/li><\/ul><h3 data-section-id=\"brv8jd\" data-start=\"1143\" data-end=\"1172\">\u00a0Tecnologia &amp; Inova\u00e7\u00e3o<\/h3><ul data-start=\"1173\" data-end=\"1321\"><li data-section-id=\"13jy3l4\" data-start=\"1173\" data-end=\"1223\">Interesse e aplica\u00e7\u00e3o de intelig\u00eancia artificial<\/li><li data-section-id=\"gxidt4\" data-start=\"1224\" data-end=\"1274\">Desenvolvimento de solu\u00e7\u00f5es (ex: medalha PETXIP)<\/li><li data-section-id=\"12kcdt4\" data-start=\"1275\" data-end=\"1321\">Capacidade de integrar tecnologia com design<\/li><\/ul><h3 data-section-id=\"1m1vjkc\" data-start=\"1323\" data-end=\"1357\">\u00a0Forma\u00e7\u00e3o &amp; Profissionalismo<\/h3><ul data-start=\"1358\" data-end=\"1502\"><li data-section-id=\"1yozm54\" data-start=\"1358\" data-end=\"1386\">Formador certificado (CCP)<\/li><li data-section-id=\"v234rd\" data-start=\"1387\" data-end=\"1446\">+20 anos de experi\u00eancia em marketing, design e multim\u00e9dia<\/li><li data-section-id=\"qbc1s1\" data-start=\"1447\" data-end=\"1502\">Freelancer adapt\u00e1vel a diferentes clientes e projetos<\/li><\/ul><\/div><\/div><\/div><\/div>\r\n\t\t<\/div>\r\n\t\t\r\n\t\t\t\t\t\t<\/div>\n\t\t\t\t<\/div>\n\t\t\t\t\t<\/div>\n\t\t<\/div>\n\t\t\t\t<div class=\"elementor-column elementor-col-50 elementor-top-column elementor-element elementor-element-9c02132\" data-id=\"9c02132\" data-element_type=\"column\" data-e-type=\"column\">\n\t\t\t<div class=\"elementor-widget-wrap elementor-element-populated\">\n\t\t\t\t\t\t<div class=\"elementor-element elementor-element-42623d0 elementor-widget elementor-widget-cz_gap\" data-id=\"42623d0\" data-element_type=\"widget\" data-e-type=\"widget\" data-widget_type=\"cz_gap.default\">\n\t\t\t\t<div class=\"elementor-widget-container\">\n\t\t\t\t\t<div class=\"cz_gap clr\"><\/div>\t\t\t\t<\/div>\n\t\t\t\t<\/div>\n\t\t\t\t<div class=\"elementor-element elementor-element-23efdb3 elementor-widget elementor-widget-cz_progress_bar\" data-id=\"23efdb3\" data-element_type=\"widget\" data-e-type=\"widget\" data-widget_type=\"cz_progress_bar.default\">\n\t\t\t\t<div class=\"elementor-widget-container\">\n\t\t\t\t\t\t\t<div class=\"progress_bar pbar3\">\r\n\t\t\t<span><\/span>\r\n\t\t\t<p>Logo Design<\/p>\r\n\t\t\t<b>59<\/b>\t\t<\/div>\r\n\t\t\t\t\t\t<\/div>\n\t\t\t\t<\/div>\n\t\t\t\t<div class=\"elementor-element elementor-element-9f8b7ff elementor-widget elementor-widget-cz_progress_bar\" data-id=\"9f8b7ff\" data-element_type=\"widget\" data-e-type=\"widget\" data-widget_type=\"cz_progress_bar.default\">\n\t\t\t\t<div class=\"elementor-widget-container\">\n\t\t\t\t\t\t\t<div class=\"progress_bar pbar3\">\r\n\t\t\t<span><\/span>\r\n\t\t\t<p>Photography<\/p>\r\n\t\t\t<b>99<\/b>\t\t<\/div>\r\n\t\t\t\t\t\t<\/div>\n\t\t\t\t<\/div>\n\t\t\t\t<div class=\"elementor-element elementor-element-9c1d2c4 elementor-widget elementor-widget-cz_progress_bar\" data-id=\"9c1d2c4\" data-element_type=\"widget\" data-e-type=\"widget\" data-widget_type=\"cz_progress_bar.default\">\n\t\t\t\t<div class=\"elementor-widget-container\">\n\t\t\t\t\t\t\t<div class=\"progress_bar pbar3\">\r\n\t\t\t<span><\/span>\r\n\t\t\t<p>Writing<\/p>\r\n\t\t\t<b>76<\/b>\t\t<\/div>\r\n\t\t\t\t\t\t<\/div>\n\t\t\t\t<\/div>\n\t\t\t\t<div class=\"elementor-element elementor-element-3c245c7 elementor-widget elementor-widget-cz_progress_bar\" data-id=\"3c245c7\" data-element_type=\"widget\" data-e-type=\"widget\" data-widget_type=\"cz_progress_bar.default\">\n\t\t\t\t<div class=\"elementor-widget-container\">\n\t\t\t\t\t\t\t<div class=\"progress_bar pbar3\">\r\n\t\t\t<span><\/span>\r\n\t\t\t<p>Flyer Design<\/p>\r\n\t\t\t<b>88<\/b>\t\t<\/div>\r\n\t\t\t\t\t\t<\/div>\n\t\t\t\t<\/div>\n\t\t\t\t<div class=\"elementor-element elementor-element-ad4f381 elementor-widget elementor-widget-cz_progress_bar\" data-id=\"ad4f381\" data-element_type=\"widget\" data-e-type=\"widget\" data-widget_type=\"cz_progress_bar.default\">\n\t\t\t\t<div class=\"elementor-widget-container\">\n\t\t\t\t\t\t\t<div class=\"progress_bar pbar3\">\r\n\t\t\t<span><\/span>\r\n\t\t\t<p>Music Listening<\/p>\r\n\t\t\t<b>90<\/b>\t\t<\/div>\r\n\t\t\t\t\t\t<\/div>\n\t\t\t\t<\/div>\n\t\t\t\t<div class=\"elementor-element elementor-element-5ae66f0 elementor-widget elementor-widget-cz_gap\" data-id=\"5ae66f0\" data-element_type=\"widget\" data-e-type=\"widget\" data-widget_type=\"cz_gap.default\">\n\t\t\t\t<div class=\"elementor-widget-container\">\n\t\t\t\t\t<div class=\"cz_gap clr\"><\/div>\t\t\t\t<\/div>\n\t\t\t\t<\/div>\n\t\t\t\t\t<\/div>\n\t\t<\/div>\n\t\t\t\t\t<\/div>\n\t\t<\/section>\n\t\t\t\t<section class=\"elementor-section elementor-top-section elementor-element elementor-element-6ac3d91 elementor-section-boxed elementor-section-height-default elementor-section-height-default\" data-id=\"6ac3d91\" data-element_type=\"section\" data-e-type=\"section\">\n\t\t\t\t\t\t<div class=\"elementor-container elementor-column-gap-default\">\n\t\t\t\t\t<div class=\"elementor-column elementor-col-100 elementor-top-column elementor-element elementor-element-5dd17cd\" data-id=\"5dd17cd\" data-element_type=\"column\" data-e-type=\"column\">\n\t\t\t<div class=\"elementor-widget-wrap elementor-element-populated\">\n\t\t\t\t\t\t<div class=\"elementor-element elementor-element-1617384 elementor-widget elementor-widget-cz_title\" data-id=\"1617384\" data-element_type=\"widget\" data-e-type=\"widget\" data-widget_type=\"cz_title.default\">\n\t\t\t\t<div class=\"elementor-widget-container\">\n\t\t\t\t\t\t\r\n\t\t<div>\r\n\t\t\t<div class=\"cz_title clr cz_title_pos_inline tac\"><div class=\"cz_title_content\"><div class=\"cz_wpe_content\"><p style=\"text-align: center;\"><strong data-start=\"288\" data-end=\"323\">Procura um designer ?<\/strong><br data-start=\"323\" data-end=\"326\" \/>Entre em contacto \u2014 terei todo o gosto em ajudar a dar vida \u00e0s suas ideias.<\/p><\/div><\/div><\/div>\r\n\t\t<\/div>\r\n\t\t\r\n\t\t\t\t\t\t<\/div>\n\t\t\t\t<\/div>\n\t\t\t\t<div class=\"elementor-element elementor-element-f56dcd7 elementor-widget elementor-widget-cz_button\" data-id=\"f56dcd7\" data-element_type=\"widget\" data-e-type=\"widget\" data-widget_type=\"cz_button.default\">\n\t\t\t\t<div class=\"elementor-widget-container\">\n\t\t\t\t\t\t\t<div class=\"cz_btn_center\">\r\n\t\t\t<div>\r\n\t\t\t\t<a href=\"https:\/\/jfb.pt\/jfb\/contact\/\" class=\"cz_btn cz_btn_txt_move_up cz_btn_zoom_in\">\r\n\r\n\t\t\t\t\t<span><i class=\"fa fa-envira\"><\/i>\t\t\t\t\t\t<strong>Contacte\t\t\t\t\t\t\t\t\t\t\t\t\t<\/strong>\r\n\t\t\t\t\t\t\t\t\t\t\t<\/span>\r\n\r\n\t\t\t\t\t<b class=\"cz_btn_onhover\">\r\n\t\t\t\t\t\t<i class=\"fa fa-envira\"><\/i>\t\t\t\t\t\t<strong>\r\n\t\t\t\t\t\t\tSay Hello!\t\t\t\t\t\t\t\t\t\t\t\t\t<\/strong>\r\n\t\t\t\t\t\t\t\t\t\t\t<\/b>\r\n\r\n\t\t\t\t<\/a>\r\n\t\t\t<\/div>\r\n\t\t<\/div> \t\t\t\t\t\t<\/div>\n\t\t\t\t<\/div>\n\t\t\t\t\t<\/div>\n\t\t<\/div>\n\t\t\t\t\t<\/div>\n\t\t<\/section>\n\t\t\t\t<\/div>\n\t\t","protected":false},"excerpt":{"rendered":"<p>Ol\u00e1, meu nome \u00e9 Jos\u00e9 Filipe B\u00e1rtolo Sou designer gr\u00e1fico com &#8230; <\/p>\n","protected":false},"author":1,"featured_media":0,"parent":0,"menu_order":0,"comment_status":"closed","ping_status":"closed","template":"","meta":{"footnotes":""},"class_list":["post-6","page","type-page","status-publish","hentry"],"_links":{"self":[{"href":"https:\/\/jfb.pt\/jfb\/wp-json\/wp\/v2\/pages\/6","targetHints":{"allow":["GET"]}}],"collection":[{"href":"https:\/\/jfb.pt\/jfb\/wp-json\/wp\/v2\/pages"}],"about":[{"href":"https:\/\/jfb.pt\/jfb\/wp-json\/wp\/v2\/types\/page"}],"author":[{"embeddable":true,"href":"https:\/\/jfb.pt\/jfb\/wp-json\/wp\/v2\/users\/1"}],"replies":[{"embeddable":true,"href":"https:\/\/jfb.pt\/jfb\/wp-json\/wp\/v2\/comments?post=6"}],"version-history":[{"count":18,"href":"https:\/\/jfb.pt\/jfb\/wp-json\/wp\/v2\/pages\/6\/revisions"}],"predecessor-version":[{"id":904,"href":"https:\/\/jfb.pt\/jfb\/wp-json\/wp\/v2\/pages\/6\/revisions\/904"}],"wp:attachment":[{"href":"https:\/\/jfb.pt\/jfb\/wp-json\/wp\/v2\/media?parent=6"}],"curies":[{"name":"wp","href":"https:\/\/api.w.org\/{rel}","templated":true}]}}